{"id":1371,"date":"2023-05-12T07:35:53","date_gmt":"2023-05-12T07:35:53","guid":{"rendered":"https:\/\/jetskipuntacana.com\/tour\/"},"modified":"2023-07-25T17:09:48","modified_gmt":"2023-07-25T17:09:48","slug":"tour","status":"publish","type":"page","link":"https:\/\/jetskipuntacana.com\/es\/tour\/","title":{"rendered":"Tour"},"content":{"rendered":"\n<p>\u00danete a nosotros para un tour en moto de agua lleno de acci\u00f3n en Punta Cana, donde experimentar\u00e1s la emoci\u00f3n de cabalgar las olas y explorar lugares impresionantes.<\/p>\n","protected":false},"excerpt":{"rendered":"<p>\u00danete a nosotros para un tour en moto de agua lleno de acci\u00f3n en Punta Cana, donde experimentar\u00e1s la emoci\u00f3n de cabalgar las olas y explorar lugares impresionantes.<\/p>\n","protected":false},"author":21,"featured_media":8808,"parent":0,"menu_order":0,"comment_status":"closed","ping_status":"closed","template":"","meta":{"slim_seo":{"title":"Tour - JetSki Punta Cana","description":"\u00danete a nosotros para un tour en moto de agua lleno de acci\u00f3n en Punta Cana, donde experimentar\u00e1s la emoci\u00f3n de cabalgar las olas y explorar lugares impresionan"},"footnotes":""},"class_list":["post-1371","page","type-page","status-publish","has-post-thumbnail","hentry"],"yoast_head":"<!-- This site is optimized with the Yoast SEO plugin v27.4 - https:\/\/yoast.com\/product\/yoast-seo-wordpress\/ -->\n<title>Tour - JetSki Punta Cana<\/title>\n<meta name=\"robots\" content=\"index, follow, max-snippet:-1, max-image-preview:large, max-video-preview:-1\" \/>\n<link rel=\"canonical\" href=\"https:\/\/jetskipuntacana.com\/tour\/\" \/>\n<meta property=\"og:locale\" content=\"es_ES\" \/>\n<meta property=\"og:type\" content=\"article\" \/>\n<meta property=\"og:title\" content=\"Tour - JetSki Punta Cana\" \/>\n<meta property=\"og:description\" content=\"\u00danete a nosotros para un tour en moto de agua lleno de acci\u00f3n en Punta Cana, donde experimentar\u00e1s la emoci\u00f3n de cabalgar las olas y explorar lugares impresionantes.\" \/>\n<meta property=\"og:url\" content=\"https:\/\/jetskipuntacana.com\/tour\/\" \/>\n<meta property=\"og:site_name\" content=\"JetSki Punta Cana\" \/>\n<meta property=\"article:modified_time\" content=\"2023-07-25T17:09:48+00:00\" \/>\n<meta name=\"twitter:card\" content=\"summary_large_image\" \/>\n<!-- \/ Yoast SEO plugin. -->","yoast_head_json":{"title":"Tour - JetSki Punta Cana","robots":{"index":"index","follow":"follow","max-snippet":"max-snippet:-1","max-image-preview":"max-image-preview:large","max-video-preview":"max-video-preview:-1"},"canonical":"https:\/\/jetskipuntacana.com\/tour\/","og_locale":"es_ES","og_type":"article","og_title":"Tour - JetSki Punta Cana","og_description":"\u00danete a nosotros para un tour en moto de agua lleno de acci\u00f3n en Punta Cana, donde experimentar\u00e1s la emoci\u00f3n de cabalgar las olas y explorar lugares impresionantes.","og_url":"https:\/\/jetskipuntacana.com\/tour\/","og_site_name":"JetSki Punta Cana","article_modified_time":"2023-07-25T17:09:48+00:00","twitter_card":"summary_large_image","schema":{"@context":"https:\/\/schema.org","@graph":[{"@type":"WebPage","@id":"https:\/\/jetskipuntacana.com\/tour\/","url":"https:\/\/jetskipuntacana.com\/tour\/","name":"Tour - JetSki Punta Cana","isPartOf":{"@id":"https:\/\/jetskipuntacana.com\/#website"},"primaryImageOfPage":{"@id":"https:\/\/jetskipuntacana.com\/tour\/#primaryimage"},"image":{"@id":"https:\/\/jetskipuntacana.com\/tour\/#primaryimage"},"thumbnailUrl":"https:\/\/jetskipuntacana.com\/wp-content\/uploads\/2025\/10\/Water-Sports-Punta-Cana-Jet-Ski-Buggy-Aqua-Kart-Tours.webp","datePublished":"2023-05-12T07:35:53+00:00","dateModified":"2023-07-25T17:09:48+00:00","breadcrumb":{"@id":"https:\/\/jetskipuntacana.com\/tour\/#breadcrumb"},"inLanguage":"es","potentialAction":[{"@type":"ReadAction","target":["https:\/\/jetskipuntacana.com\/tour\/"]}]},{"@type":"ImageObject","inLanguage":"es","@id":"https:\/\/jetskipuntacana.com\/tour\/#primaryimage","url":"https:\/\/jetskipuntacana.com\/wp-content\/uploads\/2025\/10\/Water-Sports-Punta-Cana-Jet-Ski-Buggy-Aqua-Kart-Tours.webp","contentUrl":"https:\/\/jetskipuntacana.com\/wp-content\/uploads\/2025\/10\/Water-Sports-Punta-Cana-Jet-Ski-Buggy-Aqua-Kart-Tours.webp","width":1376,"height":768,"caption":"Water Sports Punta Cana | Jet Ski, Buggy & Aqua Kart Tours"},{"@type":"BreadcrumbList","@id":"https:\/\/jetskipuntacana.com\/tour\/#breadcrumb","itemListElement":[{"@type":"ListItem","position":1,"name":"Home","item":"https:\/\/jetskipuntacana.com\/"},{"@type":"ListItem","position":2,"name":"Tour"}]},{"@type":"WebSite","@id":"https:\/\/jetskipuntacana.com\/#website","url":"https:\/\/jetskipuntacana.com\/","name":"JetSki Punta Cana","description":"Unleash your adventure in paradise","potentialAction":[{"@type":"SearchAction","target":{"@type":"EntryPoint","urlTemplate":"https:\/\/jetskipuntacana.com\/?s={search_term_string}"},"query-input":{"@type":"PropertyValueSpecification","valueRequired":true,"valueName":"search_term_string"}}],"inLanguage":"es"}]}},"meta_box":{"goole_reviews":[]},"_links":{"self":[{"href":"https:\/\/jetskipuntacana.com\/es\/wp-json\/wp\/v2\/pages\/1371","targetHints":{"allow":["GET"]}}],"collection":[{"href":"https:\/\/jetskipuntacana.com\/es\/wp-json\/wp\/v2\/pages"}],"about":[{"href":"https:\/\/jetskipuntacana.com\/es\/wp-json\/wp\/v2\/types\/page"}],"author":[{"embeddable":true,"href":"https:\/\/jetskipuntacana.com\/es\/wp-json\/wp\/v2\/users\/21"}],"replies":[{"embeddable":true,"href":"https:\/\/jetskipuntacana.com\/es\/wp-json\/wp\/v2\/comments?post=1371"}],"version-history":[{"count":1,"href":"https:\/\/jetskipuntacana.com\/es\/wp-json\/wp\/v2\/pages\/1371\/revisions"}],"predecessor-version":[{"id":1381,"href":"https:\/\/jetskipuntacana.com\/es\/wp-json\/wp\/v2\/pages\/1371\/revisions\/1381"}],"wp:featuredmedia":[{"embeddable":true,"href":"https:\/\/jetskipuntacana.com\/es\/wp-json\/wp\/v2\/media\/8808"}],"wp:attachment":[{"href":"https:\/\/jetskipuntacana.com\/es\/wp-json\/wp\/v2\/media?parent=1371"}],"curies":[{"name":"wp","href":"https:\/\/api.w.org\/{rel}","templated":true}]}}