{"id":2331,"date":"2023-10-04T12:48:13","date_gmt":"2023-10-04T12:48:13","guid":{"rendered":"https:\/\/jetskipuntacana.com\/faq\/"},"modified":"2025-05-02T07:57:52","modified_gmt":"2025-05-02T07:57:52","slug":"faq","status":"publish","type":"page","link":"https:\/\/jetskipuntacana.com\/es\/faq\/","title":{"rendered":"FAQ"},"content":{"rendered":"\n<h2 class=\"wp-block-heading\">Preguntas Frecuentes sobre el Tour en Moto de Agua<\/h2>\n\n\n\n<p><strong>P: \u00bfQu\u00e9 es \u00fanico en los tours de Jetski Punta Cana? <\/strong><br>R: En Jetski Punta Cana, proporcionamos m\u00e1s que solo un alquiler de moto de agua, \u00a1es una experiencia completa de excursi\u00f3n! Nuestros tours permiten a los clientes explorar hermosos paisajes, navegar a trav\u00e9s de magn\u00edficos manglares y disfrutar aproximadamente dos emocionantes horas en la moto de agua, creando recuerdos para toda la vida.<\/p>\n\n\n\n<p><strong>P: \u00bfCu\u00e1nto dura toda la experiencia de tour en Jetski Punta Cana?<\/strong><br>R: Toda la excursi\u00f3n, incluido el transporte, es aproximadamente tres horas. Pasar\u00e1s alrededor de dos emocionantes horas en la moto de agua explorando la belleza natural de Punta Cana, con tiempo adicional para el transporte.<\/p>\n\n\n\n<p><strong>P: \u00bfQu\u00e9 incluye el tour?<\/strong><br>R: El tour incluye una completa aventura guiada donde ver\u00e1s impresionantes paisajes y navegar\u00e1s a trav\u00e9s de los manglares. Disfruta la brisa, el escenario y la emoci\u00f3n de montar una moto de agua en las hermosas aguas de Punta Cana.<\/p>\n\n\n\n<p><\/p>\n\n\n\n<h2 class=\"wp-block-heading\">Otras Preguntas Frecuentes:<\/h2>\n\n\n\n<p><strong>P: \u00bfCu\u00e1nto cuesta el tour de Jetski Punta Cana? <\/strong><br>R: El precio de nuestro extraordinario tour en moto de agua es de 255 USD para una persona y 295 USD para dos personas. Esto incluye transporte, equipo de seguridad y una excursi\u00f3n guiada en moto de agua de dos horas.<\/p>\n\n\n\n<p><strong>P2: \u00bfC\u00f3mo se maneja el transporte?<\/strong><br>R: El transporte hacia y desde el lugar de la excursi\u00f3n es manejado sin problemas por nosotros, tardando alrededor de una hora. Recogemos en tu hotel o airbnb y nos aseguramos de que tengas un viaje c\u00f3modo y puntual para comenzar tu aventura sin demoras.<\/p>\n\n\n\n<p><strong>P: \u00bfHay gu\u00edas disponibles durante el tour?<\/strong><br>R: S\u00ed, nuestros experimentados gu\u00edas te acompa\u00f1ar\u00e1n durante todo el tour, asegurando tu seguridad y ayud\u00e1ndote a navegar por las aguas y los manglares, haciendo tu excursi\u00f3n suave e inolvidable.<\/p>\n\n\n\n<p><strong>P: \u00bfC\u00f3mo reservo un tour?<\/strong><br>R: \u00a1Reservar es simple! Visita nuestro sitio web en <a href=\"https:\/\/jetskipuntacana.com\/es\/\">https:\/\/jetskipuntacana.com\/<\/a> o ll\u00e1manos al <a href=\"tel:+18299881242\">+18299881242<\/a>. Nuestro amable personal te asistir\u00e1 con la reserva y responder\u00e1 cualquier otra pregunta que puedas tener.<\/p>\n","protected":false},"excerpt":{"rendered":"<p>Preguntas Frecuentes sobre el Tour en Moto de Agua P: \u00bfQu\u00e9 es \u00fanico en los tours de Jetski Punta Cana? R: En Jetski Punta Cana, proporcionamos m\u00e1s que solo un alquiler de moto de agua, \u00a1es una experiencia completa de excursi\u00f3n! Nuestros tours permiten a los clientes explorar hermosos paisajes, navegar a trav\u00e9s de magn\u00edficos [&hellip;]<\/p>\n","protected":false},"author":21,"featured_media":1861,"parent":0,"menu_order":0,"comment_status":"closed","ping_status":"closed","template":"","meta":{"slim_seo":{"title":"FAQ - JetSki Punta Cana","description":"Preguntas Frecuentes sobre el Tour en Moto de Agua P: \u00bfQu\u00e9 es \u00fanico en los tours de Jetski Punta Cana? R: En Jetski Punta Cana, proporcionamos m\u00e1s que solo un a"},"footnotes":""},"class_list":["post-2331","page","type-page","status-publish","has-post-thumbnail","hentry"],"yoast_head":"<!-- This site is optimized with the Yoast SEO plugin v27.4 - https:\/\/yoast.com\/product\/yoast-seo-wordpress\/ -->\n<title>FAQ - JetSki Punta Cana<\/title>\n<meta name=\"robots\" content=\"index, follow, max-snippet:-1, max-image-preview:large, max-video-preview:-1\" \/>\n<link rel=\"canonical\" href=\"https:\/\/jetskipuntacana.com\/faq\/\" \/>\n<meta property=\"og:locale\" content=\"es_ES\" \/>\n<meta property=\"og:type\" content=\"article\" \/>\n<meta property=\"og:title\" content=\"FAQ - JetSki Punta Cana\" \/>\n<meta property=\"og:description\" content=\"Preguntas Frecuentes sobre el Tour en Moto de Agua P: \u00bfQu\u00e9 es \u00fanico en los tours de Jetski Punta Cana? R: En Jetski Punta Cana, proporcionamos m\u00e1s que solo un alquiler de moto de agua, \u00a1es una experiencia completa de excursi\u00f3n! Nuestros tours permiten a los clientes explorar hermosos paisajes, navegar a trav\u00e9s de magn\u00edficos [&hellip;]\" \/>\n<meta property=\"og:url\" content=\"https:\/\/jetskipuntacana.com\/faq\/\" \/>\n<meta property=\"og:site_name\" content=\"JetSki Punta Cana\" \/>\n<meta property=\"article:modified_time\" content=\"2025-05-02T07:57:52+00:00\" \/>\n<meta property=\"og:image\" content=\"https:\/\/jetskipuntacana.com\/wp-content\/uploads\/2023\/08\/jet3.jpg\" \/>\n\t<meta property=\"og:image:width\" content=\"2085\" \/>\n\t<meta property=\"og:image:height\" content=\"2000\" \/>\n\t<meta property=\"og:image:type\" content=\"image\/jpeg\" \/>\n<meta name=\"twitter:card\" content=\"summary_large_image\" \/>\n<meta name=\"twitter:label1\" content=\"Tiempo de lectura\" \/>\n\t<meta name=\"twitter:data1\" content=\"2 minutos\" \/>\n<!-- \/ Yoast SEO plugin. -->","yoast_head_json":{"title":"FAQ - JetSki Punta Cana","robots":{"index":"index","follow":"follow","max-snippet":"max-snippet:-1","max-image-preview":"max-image-preview:large","max-video-preview":"max-video-preview:-1"},"canonical":"https:\/\/jetskipuntacana.com\/faq\/","og_locale":"es_ES","og_type":"article","og_title":"FAQ - JetSki Punta Cana","og_description":"Preguntas Frecuentes sobre el Tour en Moto de Agua P: \u00bfQu\u00e9 es \u00fanico en los tours de Jetski Punta Cana? R: En Jetski Punta Cana, proporcionamos m\u00e1s que solo un alquiler de moto de agua, \u00a1es una experiencia completa de excursi\u00f3n! Nuestros tours permiten a los clientes explorar hermosos paisajes, navegar a trav\u00e9s de magn\u00edficos [&hellip;]","og_url":"https:\/\/jetskipuntacana.com\/faq\/","og_site_name":"JetSki Punta Cana","article_modified_time":"2025-05-02T07:57:52+00:00","og_image":[{"width":2085,"height":2000,"url":"https:\/\/jetskipuntacana.com\/wp-content\/uploads\/2023\/08\/jet3.jpg","type":"image\/jpeg"}],"twitter_card":"summary_large_image","twitter_misc":{"Tiempo de lectura":"2 minutos"},"schema":{"@context":"https:\/\/schema.org","@graph":[{"@type":"WebPage","@id":"https:\/\/jetskipuntacana.com\/faq\/","url":"https:\/\/jetskipuntacana.com\/faq\/","name":"FAQ - JetSki Punta Cana","isPartOf":{"@id":"https:\/\/jetskipuntacana.com\/#website"},"primaryImageOfPage":{"@id":"https:\/\/jetskipuntacana.com\/faq\/#primaryimage"},"image":{"@id":"https:\/\/jetskipuntacana.com\/faq\/#primaryimage"},"thumbnailUrl":"https:\/\/jetskipuntacana.com\/wp-content\/uploads\/2023\/08\/jet3.jpg","datePublished":"2023-10-04T12:48:13+00:00","dateModified":"2025-05-02T07:57:52+00:00","breadcrumb":{"@id":"https:\/\/jetskipuntacana.com\/faq\/#breadcrumb"},"inLanguage":"es","potentialAction":[{"@type":"ReadAction","target":["https:\/\/jetskipuntacana.com\/faq\/"]}]},{"@type":"ImageObject","inLanguage":"es","@id":"https:\/\/jetskipuntacana.com\/faq\/#primaryimage","url":"https:\/\/jetskipuntacana.com\/wp-content\/uploads\/2023\/08\/jet3.jpg","contentUrl":"https:\/\/jetskipuntacana.com\/wp-content\/uploads\/2023\/08\/jet3.jpg","width":2085,"height":2000},{"@type":"BreadcrumbList","@id":"https:\/\/jetskipuntacana.com\/faq\/#breadcrumb","itemListElement":[{"@type":"ListItem","position":1,"name":"Home","item":"https:\/\/jetskipuntacana.com\/"},{"@type":"ListItem","position":2,"name":"FAQ"}]},{"@type":"WebSite","@id":"https:\/\/jetskipuntacana.com\/#website","url":"https:\/\/jetskipuntacana.com\/","name":"JetSki Punta Cana","description":"Unleash your adventure in paradise","potentialAction":[{"@type":"SearchAction","target":{"@type":"EntryPoint","urlTemplate":"https:\/\/jetskipuntacana.com\/?s={search_term_string}"},"query-input":{"@type":"PropertyValueSpecification","valueRequired":true,"valueName":"search_term_string"}}],"inLanguage":"es"}]}},"meta_box":{"goole_reviews":[]},"_links":{"self":[{"href":"https:\/\/jetskipuntacana.com\/es\/wp-json\/wp\/v2\/pages\/2331","targetHints":{"allow":["GET"]}}],"collection":[{"href":"https:\/\/jetskipuntacana.com\/es\/wp-json\/wp\/v2\/pages"}],"about":[{"href":"https:\/\/jetskipuntacana.com\/es\/wp-json\/wp\/v2\/types\/page"}],"author":[{"embeddable":true,"href":"https:\/\/jetskipuntacana.com\/es\/wp-json\/wp\/v2\/users\/21"}],"replies":[{"embeddable":true,"href":"https:\/\/jetskipuntacana.com\/es\/wp-json\/wp\/v2\/comments?post=2331"}],"version-history":[{"count":3,"href":"https:\/\/jetskipuntacana.com\/es\/wp-json\/wp\/v2\/pages\/2331\/revisions"}],"predecessor-version":[{"id":8321,"href":"https:\/\/jetskipuntacana.com\/es\/wp-json\/wp\/v2\/pages\/2331\/revisions\/8321"}],"wp:featuredmedia":[{"embeddable":true,"href":"https:\/\/jetskipuntacana.com\/es\/wp-json\/wp\/v2\/media\/1861"}],"wp:attachment":[{"href":"https:\/\/jetskipuntacana.com\/es\/wp-json\/wp\/v2\/media?parent=2331"}],"curies":[{"name":"wp","href":"https:\/\/api.w.org\/{rel}","templated":true}]}}